{"id":281,"date":"2025-06-05T14:03:03","date_gmt":"2025-06-05T14:03:03","guid":{"rendered":"https:\/\/mostesidolomitesspahotel.com\/?page_id=281"},"modified":"2025-07-28T14:26:56","modified_gmt":"2025-07-28T14:26:56","slug":"mostesi-dolomites-spa-hotel-experience","status":"publish","type":"page","link":"https:\/\/mostesidolomitesspahotel.com\/en\/mostesi-dolomites-spa-hotel-experience\/","title":{"rendered":"Mostesi Dolomites Spa Hotel - Experience"},"content":{"rendered":"<div data-elementor-type=\"wp-post\" data-elementor-id=\"281\" class=\"elementor elementor-281\" data-elementor-post-type=\"page\">\n\t\t\t\t<div class=\"elementor-element elementor-element-adfe9a1 e-con-full e-flex e-con e-parent\" data-id=\"adfe9a1\" data-element_type=\"container\" data-e-type=\"container\" data-settings=\"{&quot;background_background&quot;:&quot;video&quot;,&quot;background_video_link&quot;:&quot;https:\\\/\\\/vimeo.com\\\/1105148070&quot;,&quot;background_video_end&quot;:63,&quot;background_play_on_mobile&quot;:&quot;yes&quot;}\">\n\t\t<div class=\"elementor-background-video-container\">\n\t\t\t\t\t\t\t<div class=\"elementor-background-video-embed\" role=\"presentation\"><\/div>\n\t\t\t\t\t\t<\/div>\t\t<div class=\"elementor-element elementor-element-6d54b26 elementor-widget elementor-widget-image\" data-id=\"6d54b26\" data-element_type=\"widget\" data-e-type=\"widget\" data-widget_type=\"image.default\">\n\t\t\t\t<div class=\"elementor-widget-container\">\n\t\t\t\t\t\t\t\t\t\t\t\t\t\t\t<img fetchpriority=\"high\" decoding=\"async\" width=\"800\" height=\"395\" src=\"https:\/\/mostesidolomitesspahotel.com\/wp-content\/uploads\/2025\/01\/MOstesi-Full-Logo-White-1024x505.png\" class=\"attachment-large size-large wp-image-28\" alt=\"\" srcset=\"https:\/\/mostesidolomitesspahotel.com\/wp-content\/uploads\/2025\/01\/MOstesi-Full-Logo-White-1024x505.png 1024w, https:\/\/mostesidolomitesspahotel.com\/wp-content\/uploads\/2025\/01\/MOstesi-Full-Logo-White-300x148.png 300w, https:\/\/mostesidolomitesspahotel.com\/wp-content\/uploads\/2025\/01\/MOstesi-Full-Logo-White-768x379.png 768w, https:\/\/mostesidolomitesspahotel.com\/wp-content\/uploads\/2025\/01\/MOstesi-Full-Logo-White-1536x758.png 1536w, https:\/\/mostesidolomitesspahotel.com\/wp-content\/uploads\/2025\/01\/MOstesi-Full-Logo-White-2048x1010.png 2048w\" sizes=\"(max-width: 800px) 100vw, 800px\" \/>\t\t\t\t\t\t\t\t\t\t\t\t\t\t\t<\/div>\n\t\t\t\t<\/div>\n\t\t\t\t<\/div>\n\t\t<div class=\"elementor-element elementor-element-d2a9764 e-flex e-con-boxed e-con e-parent\" data-id=\"d2a9764\" data-element_type=\"container\" data-e-type=\"container\" data-settings=\"{&quot;background_background&quot;:&quot;classic&quot;}\">\n\t\t\t\t\t<div class=\"e-con-inner\">\n\t\t<div class=\"elementor-element elementor-element-e890210 e-con-full e-flex e-con e-child\" data-id=\"e890210\" data-element_type=\"container\" data-e-type=\"container\">\n\t\t\t\t<div class=\"elementor-element elementor-element-ea5ea50 elementor-widget__width-initial elementor-widget elementor-widget-heading\" data-id=\"ea5ea50\" data-element_type=\"widget\" data-e-type=\"widget\" data-widget_type=\"heading.default\">\n\t\t\t\t<div class=\"elementor-widget-container\">\n\t\t\t\t\t<h2 class=\"elementor-heading-title elementor-size-default\">Around you, the wonder<\/h2>\t\t\t\t<\/div>\n\t\t\t\t<\/div>\n\t\t\t\t<div class=\"elementor-element elementor-element-1073f42 elementor-widget elementor-widget-text-editor\" data-id=\"1073f42\" data-element_type=\"widget\" data-e-type=\"widget\" data-widget_type=\"text-editor.default\">\n\t\t\t\t<div class=\"elementor-widget-container\">\n\t\t\t\t\t\t\t\t\t<div data-id=\"43dd34d\" data-element_type=\"widget\" data-widget_type=\"text-editor.default\"><p><span style=\"font-weight: 400;\">Staying at the Mostesi Dolomites Spa Hotel means finding yourself at the centre of one of the most evocative landscapes in the Dolomites. Here, the mountain is not just a frame: it is a living, daily presence that accompanies every gesture, every awakening, every walk.<\/span><\/p><\/div>\t\t\t\t\t\t\t\t<\/div>\n\t\t\t\t<\/div>\n\t\t\t\t<\/div>\n\t\t<div class=\"elementor-element elementor-element-215ce7b e-con-full e-flex e-con e-child\" data-id=\"215ce7b\" data-element_type=\"container\" data-e-type=\"container\">\n\t\t\t\t<div class=\"elementor-element elementor-element-39b76e1 elementor-widget elementor-widget-image\" data-id=\"39b76e1\" data-element_type=\"widget\" data-e-type=\"widget\" data-widget_type=\"image.default\">\n\t\t\t\t<div class=\"elementor-widget-container\">\n\t\t\t\t\t\t\t\t\t\t\t\t\t\t\t<img decoding=\"async\" width=\"683\" height=\"1024\" src=\"https:\/\/mostesidolomitesspahotel.com\/wp-content\/uploads\/2025\/06\/mostesi_esterni_web-8-683x1024.jpg\" class=\"attachment-large size-large wp-image-410\" alt=\"\" srcset=\"https:\/\/mostesidolomitesspahotel.com\/wp-content\/uploads\/2025\/06\/mostesi_esterni_web-8-683x1024.jpg 683w, https:\/\/mostesidolomitesspahotel.com\/wp-content\/uploads\/2025\/06\/mostesi_esterni_web-8-200x300.jpg 200w, https:\/\/mostesidolomitesspahotel.com\/wp-content\/uploads\/2025\/06\/mostesi_esterni_web-8-768x1152.jpg 768w, https:\/\/mostesidolomitesspahotel.com\/wp-content\/uploads\/2025\/06\/mostesi_esterni_web-8-1024x1536.jpg 1024w, https:\/\/mostesidolomitesspahotel.com\/wp-content\/uploads\/2025\/06\/mostesi_esterni_web-8-8x12.jpg 8w, https:\/\/mostesidolomitesspahotel.com\/wp-content\/uploads\/2025\/06\/mostesi_esterni_web-8.jpg 1320w\" sizes=\"(max-width: 683px) 100vw, 683px\" \/>\t\t\t\t\t\t\t\t\t\t\t\t\t\t\t<\/div>\n\t\t\t\t<\/div>\n\t\t\t\t<\/div>\n\t\t\t\t\t<\/div>\n\t\t\t\t<\/div>\n\t\t<div class=\"elementor-element elementor-element-b53f1bd e-flex e-con-boxed e-con e-parent\" data-id=\"b53f1bd\" data-element_type=\"container\" data-e-type=\"container\" id=\"camere\" data-settings=\"{&quot;background_background&quot;:&quot;classic&quot;}\">\n\t\t\t\t\t<div class=\"e-con-inner\">\n\t\t<div class=\"elementor-element elementor-element-6053352 e-con-full e-flex e-con e-child\" data-id=\"6053352\" data-element_type=\"container\" data-e-type=\"container\">\n\t\t\t\t<div class=\"elementor-element elementor-element-cfc9154 elementor-widget elementor-widget-text-editor\" data-id=\"cfc9154\" data-element_type=\"widget\" data-e-type=\"widget\" data-widget_type=\"text-editor.default\">\n\t\t\t\t<div class=\"elementor-widget-container\">\n\t\t\t\t\t\t\t\t\t<p><span style=\"font-weight: 400;\">A few steps from the hotel begin paths that wind through larch forests, alpine pastures and ancient mule tracks: ideal routes for those who love to walk in silence, breathe deeply and be surprised by a panorama that changes at every turn. In winter, these same spaces are transformed: the Auronzo ski slopes are easily accessible, as are the trails for snowshoeing and cross-country skiing.<\/span><\/p><p><span style=\"font-weight: 400;\">About thirty minutes by car, the <\/span><b>Lake Misurina<\/b><span style=\"font-weight: 400;\"> offers one of the most iconic views of the Dolomites. Its placid waters reflect the peaks like an enchanted mirror, offering a suspended atmosphere in every season. In summer, it is the perfect place for a stroll along the shore or a paddle boat ride, while in winter it becomes an expanse of ice, silent and surreal, to be experienced at a leisurely pace.<\/span><\/p><p><span style=\"font-weight: 400;\">And then there are the excursions to the <\/span><b>Three Peaks of Lavaredo<\/b><span style=\"font-weight: 400;\">the excitement of refuges that can be reached on foot, the 'malghe' where traditional products can be tasted, and the simple pleasure of stopping to listen to the air.<\/span><\/p><p><span style=\"font-weight: 400;\">The surroundings of Mostesi do not ask to be discovered in a hurry, but experienced with open eyes and time in your pockets. Because it is there, between a bend and a ray of sunshine, that the real wonder happens.<\/span><\/p>\t\t\t\t\t\t\t\t<\/div>\n\t\t\t\t<\/div>\n\t\t<div class=\"elementor-element elementor-element-66fe4d4 e-con-full e-flex e-con e-child\" data-id=\"66fe4d4\" data-element_type=\"container\" data-e-type=\"container\">\n\t\t\t\t<div class=\"elementor-element elementor-element-4bb8de5 elementor-align-left elementor-mobile-align-center elementor-widget__width-initial elementor-widget elementor-widget-button\" data-id=\"4bb8de5\" data-element_type=\"widget\" data-e-type=\"widget\" data-widget_type=\"button.default\">\n\t\t\t\t<div class=\"elementor-widget-container\">\n\t\t\t\t\t\t\t\t\t<div class=\"elementor-button-wrapper\">\n\t\t\t\t\t<a class=\"elementor-button elementor-button-link elementor-size-sm\" href=\"https:\/\/www.simplebooking.it\/ibe2\/hotel\/10279\" target=\"_blank\">\n\t\t\t\t\t\t<span class=\"elementor-button-content-wrapper\">\n\t\t\t\t\t\t<span class=\"elementor-button-icon\">\n\t\t\t\t<svg aria-hidden=\"true\" class=\"e-font-icon-svg e-far-calendar-check\" viewbox=\"0 0 448 512\" xmlns=\"http:\/\/www.w3.org\/2000\/svg\"><path d=\"M400 64h-48V12c0-6.627-5.373-12-12-12h-40c-6.627 0-12 5.373-12 12v52H160V12c0-6.627-5.373-12-12-12h-40c-6.627 0-12 5.373-12 12v52H48C21.49 64 0 85.49 0 112v352c0 26.51 21.49 48 48 48h352c26.51 0 48-21.49 48-48V112c0-26.51-21.49-48-48-48zm-6 400H54a6 6 0 0 1-6-6V160h352v298a6 6 0 0 1-6 6zm-52.849-200.65L198.842 404.519c-4.705 4.667-12.303 4.637-16.971-.068l-75.091-75.699c-4.667-4.705-4.637-12.303.068-16.971l22.719-22.536c4.705-4.667 12.303-4.637 16.97.069l44.104 44.461 111.072-110.181c4.705-4.667 12.303-4.637 16.971.068l22.536 22.718c4.667 4.705 4.636 12.303-.069 16.97z\"><\/path><\/svg>\t\t\t<\/span>\n\t\t\t\t\t\t\t\t\t<span class=\"elementor-button-text\">Book<\/span>\n\t\t\t\t\t<\/span>\n\t\t\t\t\t<\/a>\n\t\t\t\t<\/div>\n\t\t\t\t\t\t\t\t<\/div>\n\t\t\t\t<\/div>\n\t\t\t\t<div class=\"elementor-element elementor-element-f42c070 elementor-align-left elementor-mobile-align-center elementor-widget__width-initial elementor-widget elementor-widget-button\" data-id=\"f42c070\" data-element_type=\"widget\" data-e-type=\"widget\" data-widget_type=\"button.default\">\n\t\t\t\t<div class=\"elementor-widget-container\">\n\t\t\t\t\t\t\t\t\t<div class=\"elementor-button-wrapper\">\n\t\t\t\t\t<a class=\"elementor-button elementor-button-link elementor-size-sm\" href=\"#\">\n\t\t\t\t\t\t<span class=\"elementor-button-content-wrapper\">\n\t\t\t\t\t\t<span class=\"elementor-button-icon\">\n\t\t\t\t<svg aria-hidden=\"true\" class=\"e-font-icon-svg e-far-envelope\" viewbox=\"0 0 512 512\" xmlns=\"http:\/\/www.w3.org\/2000\/svg\"><path d=\"M464 64H48C21.49 64 0 85.49 0 112v288c0 26.51 21.49 48 48 48h416c26.51 0 48-21.49 48-48V112c0-26.51-21.49-48-48-48zm0 48v40.805c-22.422 18.259-58.168 46.651-134.587 106.49-16.841 13.247-50.201 45.072-73.413 44.701-23.208.375-56.579-31.459-73.413-44.701C106.18 199.465 70.425 171.067 48 152.805V112h416zM48 400V214.398c22.914 18.251 55.409 43.862 104.938 82.646 21.857 17.205 60.134 55.186 103.062 54.955 42.717.231 80.509-37.199 103.053-54.947 49.528-38.783 82.032-64.401 104.947-82.653V400H48z\"><\/path><\/svg>\t\t\t<\/span>\n\t\t\t\t\t\t\t\t\t<span class=\"elementor-button-text\">Request Info<\/span>\n\t\t\t\t\t<\/span>\n\t\t\t\t\t<\/a>\n\t\t\t\t<\/div>\n\t\t\t\t\t\t\t\t<\/div>\n\t\t\t\t<\/div>\n\t\t\t\t<\/div>\n\t\t\t\t<\/div>\n\t\t<div class=\"elementor-element elementor-element-d1bbd9a e-con-full e-flex e-con e-child\" data-id=\"d1bbd9a\" data-element_type=\"container\" data-e-type=\"container\">\n\t\t\t\t<div class=\"elementor-element elementor-element-3964f03 elementor-widget elementor-widget-text-editor\" data-id=\"3964f03\" data-element_type=\"widget\" data-e-type=\"widget\" data-widget_type=\"text-editor.default\">\n\t\t\t\t<div class=\"elementor-widget-container\">\n\t\t\t\t\t\t\t\t\t<div data-id=\"43dd34d\" data-element_type=\"widget\" data-widget_type=\"text-editor.default\">Browse pictures \u2192 Click to enlarge<\/div>\t\t\t\t\t\t\t\t<\/div>\n\t\t\t\t<\/div>\n\t\t\t\t<div class=\"elementor-element elementor-element-f81eda4 elementor-widget__width-initial elementor-widget elementor-widget-image-carousel\" data-id=\"f81eda4\" data-element_type=\"widget\" data-e-type=\"widget\" data-settings=\"{&quot;slides_to_show&quot;:&quot;1&quot;,&quot;navigation&quot;:&quot;none&quot;,&quot;slides_to_show_mobile&quot;:&quot;1&quot;,&quot;autoplay&quot;:&quot;yes&quot;,&quot;pause_on_hover&quot;:&quot;yes&quot;,&quot;pause_on_interaction&quot;:&quot;yes&quot;,&quot;autoplay_speed&quot;:5000,&quot;infinite&quot;:&quot;yes&quot;,&quot;effect&quot;:&quot;slide&quot;,&quot;speed&quot;:500}\" data-widget_type=\"image-carousel.default\">\n\t\t\t\t<div class=\"elementor-widget-container\">\n\t\t\t\t\t\t\t<div class=\"elementor-image-carousel-wrapper swiper\" role=\"region\" aria-roledescription=\"carousel\" aria-label=\"Image Carousel\" dir=\"ltr\">\n\t\t\t<div class=\"elementor-image-carousel swiper-wrapper\" aria-live=\"off\">\n\t\t\t\t\t\t\t\t<div class=\"swiper-slide\" role=\"group\" aria-roledescription=\"slide\" aria-label=\"1 of 3\" data-no-translation-aria-label=\"\"><a data-elementor-open-lightbox=\"yes\" data-elementor-lightbox-slideshow=\"f81eda4\" data-elementor-lightbox-title=\"mostesi_esterni_web-7\" data-e-action-hash=\"#elementor-action%3Aaction%3Dlightbox%26settings%3DeyJpZCI6MjcxLCJ1cmwiOiJodHRwczpcL1wvbW9zdGVzaWRvbG9taXRlc3NwYWhvdGVsLmNvbVwvd3AtY29udGVudFwvdXBsb2Fkc1wvMjAyNVwvMDZcL21vc3Rlc2lfZXN0ZXJuaV93ZWItNy5qcGciLCJzbGlkZXNob3ciOiJmODFlZGE0In0%3D\" href=\"https:\/\/mostesidolomitesspahotel.com\/wp-content\/uploads\/2025\/06\/mostesi_esterni_web-7.jpg\"><figure class=\"swiper-slide-inner\"><img decoding=\"async\" class=\"swiper-slide-image\" src=\"https:\/\/mostesidolomitesspahotel.com\/wp-content\/uploads\/2025\/06\/mostesi_esterni_web-7.jpg\" alt=\"mostesi_esterni_web-7\" \/><\/figure><\/a><\/div><div class=\"swiper-slide\" role=\"group\" aria-roledescription=\"slide\" aria-label=\"2 of 3\" data-no-translation-aria-label=\"\"><a data-elementor-open-lightbox=\"yes\" data-elementor-lightbox-slideshow=\"f81eda4\" data-elementor-lightbox-title=\"mostesi_esterni_web-19\" data-e-action-hash=\"#elementor-action%3Aaction%3Dlightbox%26settings%3DeyJpZCI6MjY5LCJ1cmwiOiJodHRwczpcL1wvbW9zdGVzaWRvbG9taXRlc3NwYWhvdGVsLmNvbVwvd3AtY29udGVudFwvdXBsb2Fkc1wvMjAyNVwvMDZcL21vc3Rlc2lfZXN0ZXJuaV93ZWItMTkuanBnIiwic2xpZGVzaG93IjoiZjgxZWRhNCJ9\" href=\"https:\/\/mostesidolomitesspahotel.com\/wp-content\/uploads\/2025\/06\/mostesi_esterni_web-19.jpg\"><figure class=\"swiper-slide-inner\"><img decoding=\"async\" class=\"swiper-slide-image\" src=\"https:\/\/mostesidolomitesspahotel.com\/wp-content\/uploads\/2025\/06\/mostesi_esterni_web-19.jpg\" alt=\"mostesi_esterni_web-19\" \/><\/figure><\/a><\/div><div class=\"swiper-slide\" role=\"group\" aria-roledescription=\"slide\" aria-label=\"3 of 3\" data-no-translation-aria-label=\"\"><a data-elementor-open-lightbox=\"yes\" data-elementor-lightbox-slideshow=\"f81eda4\" data-elementor-lightbox-title=\"mostesi_esterni_web-12\" data-e-action-hash=\"#elementor-action%3Aaction%3Dlightbox%26settings%3DeyJpZCI6MjcwLCJ1cmwiOiJodHRwczpcL1wvbW9zdGVzaWRvbG9taXRlc3NwYWhvdGVsLmNvbVwvd3AtY29udGVudFwvdXBsb2Fkc1wvMjAyNVwvMDZcL21vc3Rlc2lfZXN0ZXJuaV93ZWItMTIuanBnIiwic2xpZGVzaG93IjoiZjgxZWRhNCJ9\" href=\"https:\/\/mostesidolomitesspahotel.com\/wp-content\/uploads\/2025\/06\/mostesi_esterni_web-12.jpg\"><figure class=\"swiper-slide-inner\"><img decoding=\"async\" class=\"swiper-slide-image\" src=\"https:\/\/mostesidolomitesspahotel.com\/wp-content\/uploads\/2025\/06\/mostesi_esterni_web-12.jpg\" alt=\"mostesi_esterni_web-12\" \/><\/figure><\/a><\/div>\t\t\t<\/div>\n\t\t\t\t\t\t\t\n\t\t\t\t\t\t\t\t\t<\/div>\n\t\t\t\t\t\t<\/div>\n\t\t\t\t<\/div>\n\t\t\t\t<\/div>\n\t\t\t\t\t<\/div>\n\t\t\t\t<\/div>\n\t\t<div class=\"elementor-element elementor-element-8699407 e-con-full e-flex e-con e-parent\" data-id=\"8699407\" data-element_type=\"container\" data-e-type=\"container\" data-settings=\"{&quot;background_background&quot;:&quot;classic&quot;}\">\n\t\t<div class=\"elementor-element elementor-element-df9be38 e-con-full e-flex e-con e-child\" data-id=\"df9be38\" data-element_type=\"container\" data-e-type=\"container\">\n\t\t\t\t<div class=\"elementor-element elementor-element-bc49887 elementor-widget__width-initial elementor-widget elementor-widget-heading\" data-id=\"bc49887\" data-element_type=\"widget\" data-e-type=\"widget\" data-widget_type=\"heading.default\">\n\t\t\t\t<div class=\"elementor-widget-container\">\n\t\t\t\t\t<h2 class=\"elementor-heading-title elementor-size-default\">Not only activities<\/h2>\t\t\t\t<\/div>\n\t\t\t\t<\/div>\n\t\t\t\t<div class=\"elementor-element elementor-element-f388f75 elementor-widget elementor-widget-text-editor\" data-id=\"f388f75\" data-element_type=\"widget\" data-e-type=\"widget\" data-widget_type=\"text-editor.default\">\n\t\t\t\t<div class=\"elementor-widget-container\">\n\t\t\t\t\t\t\t\t\t<div data-id=\"43dd34d\" data-element_type=\"widget\" data-widget_type=\"text-editor.default\"><div>Discover all the services on offer and enjoy an unforgettable experience in the beautiful Dolomites.<\/div><\/div>\t\t\t\t\t\t\t\t<\/div>\n\t\t\t\t<\/div>\n\t\t\t\t<\/div>\n\t\t<div class=\"elementor-element elementor-element-4a162e7 e-con-full e-flex e-con e-child\" data-id=\"4a162e7\" data-element_type=\"container\" data-e-type=\"container\" data-settings=\"{&quot;background_background&quot;:&quot;classic&quot;}\">\n\t\t\t\t<div class=\"elementor-element elementor-element-8a49e66 elementor-widget__width-initial elementor-widget elementor-widget-heading\" data-id=\"8a49e66\" data-element_type=\"widget\" data-e-type=\"widget\" data-widget_type=\"heading.default\">\n\t\t\t\t<div class=\"elementor-widget-container\">\n\t\t\t\t\t<h2 class=\"elementor-heading-title elementor-size-default\">Rooms<\/h2>\t\t\t\t<\/div>\n\t\t\t\t<\/div>\n\t\t\t\t<div class=\"elementor-element elementor-element-e815ca5 elementor-align-center elementor-mobile-align-center elementor-widget__width-initial elementor-widget elementor-widget-button\" data-id=\"e815ca5\" data-element_type=\"widget\" data-e-type=\"widget\" data-widget_type=\"button.default\">\n\t\t\t\t<div class=\"elementor-widget-container\">\n\t\t\t\t\t\t\t\t\t<div class=\"elementor-button-wrapper\">\n\t\t\t\t\t<a class=\"elementor-button elementor-button-link elementor-size-sm\" href=\"https:\/\/mostesidolomitesspahotel.com\/en\/mostesi-dolomites-spa-hotel-camere\/\" target=\"_blank\">\n\t\t\t\t\t\t<span class=\"elementor-button-content-wrapper\">\n\t\t\t\t\t\t\t\t\t<span class=\"elementor-button-text\">Find out more<\/span>\n\t\t\t\t\t<\/span>\n\t\t\t\t\t<\/a>\n\t\t\t\t<\/div>\n\t\t\t\t\t\t\t\t<\/div>\n\t\t\t\t<\/div>\n\t\t\t\t<\/div>\n\t\t<div class=\"elementor-element elementor-element-d842ed7 e-con-full e-flex e-con e-child\" data-id=\"d842ed7\" data-element_type=\"container\" data-e-type=\"container\" data-settings=\"{&quot;background_background&quot;:&quot;classic&quot;}\">\n\t\t\t\t<div class=\"elementor-element elementor-element-54cbfec elementor-widget__width-initial elementor-widget elementor-widget-heading\" data-id=\"54cbfec\" data-element_type=\"widget\" data-e-type=\"widget\" data-widget_type=\"heading.default\">\n\t\t\t\t<div class=\"elementor-widget-container\">\n\t\t\t\t\t<h2 class=\"elementor-heading-title elementor-size-default\">Taste<\/h2>\t\t\t\t<\/div>\n\t\t\t\t<\/div>\n\t\t\t\t<div class=\"elementor-element elementor-element-d65060b elementor-align-center elementor-mobile-align-center elementor-widget__width-initial elementor-widget elementor-widget-button\" data-id=\"d65060b\" data-element_type=\"widget\" data-e-type=\"widget\" data-widget_type=\"button.default\">\n\t\t\t\t<div class=\"elementor-widget-container\">\n\t\t\t\t\t\t\t\t\t<div class=\"elementor-button-wrapper\">\n\t\t\t\t\t<a class=\"elementor-button elementor-button-link elementor-size-sm\" href=\"https:\/\/mostesidolomitesspahotel.com\/en\/mostesi-dolomites-spa-hotel-gusto\/\" target=\"_blank\">\n\t\t\t\t\t\t<span class=\"elementor-button-content-wrapper\">\n\t\t\t\t\t\t\t\t\t<span class=\"elementor-button-text\">Find out more<\/span>\n\t\t\t\t\t<\/span>\n\t\t\t\t\t<\/a>\n\t\t\t\t<\/div>\n\t\t\t\t\t\t\t\t<\/div>\n\t\t\t\t<\/div>\n\t\t\t\t<\/div>\n\t\t<div class=\"elementor-element elementor-element-c12e668 e-con-full e-flex e-con e-child\" data-id=\"c12e668\" data-element_type=\"container\" data-e-type=\"container\" data-settings=\"{&quot;background_background&quot;:&quot;classic&quot;}\">\n\t\t\t\t<div class=\"elementor-element elementor-element-7e13e2d elementor-widget__width-initial elementor-widget elementor-widget-heading\" data-id=\"7e13e2d\" data-element_type=\"widget\" data-e-type=\"widget\" data-widget_type=\"heading.default\">\n\t\t\t\t<div class=\"elementor-widget-container\">\n\t\t\t\t\t<h2 class=\"elementor-heading-title elementor-size-default\">SPA<\/h2>\t\t\t\t<\/div>\n\t\t\t\t<\/div>\n\t\t\t\t<div class=\"elementor-element elementor-element-9521045 elementor-align-center elementor-mobile-align-center elementor-widget__width-initial elementor-widget elementor-widget-button\" data-id=\"9521045\" data-element_type=\"widget\" data-e-type=\"widget\" data-widget_type=\"button.default\">\n\t\t\t\t<div class=\"elementor-widget-container\">\n\t\t\t\t\t\t\t\t\t<div class=\"elementor-button-wrapper\">\n\t\t\t\t\t<a class=\"elementor-button elementor-button-link elementor-size-sm\" href=\"https:\/\/mostesidolomitesspahotel.com\/en\/mostesi-dolomites-spa-hotel-wellness-auronzo-di-cadore\/\" target=\"_blank\">\n\t\t\t\t\t\t<span class=\"elementor-button-content-wrapper\">\n\t\t\t\t\t\t\t\t\t<span class=\"elementor-button-text\">Find out more<\/span>\n\t\t\t\t\t<\/span>\n\t\t\t\t\t<\/a>\n\t\t\t\t<\/div>\n\t\t\t\t\t\t\t\t<\/div>\n\t\t\t\t<\/div>\n\t\t\t\t<\/div>\n\t\t\t\t<\/div>\n\t\t\t\t<\/div>","protected":false},"excerpt":{"rendered":"<p>Intorno a te, la meraviglia Soggiornare al Mostesi Dolomites Spa Hotel significa ritrovarsi al centro di uno dei paesaggi pi\u00f9 suggestivi delle Dolomiti. Qui, la montagna non \u00e8 solo una cornice: \u00e8 una presenza viva, quotidiana, che accompagna ogni gesto, ogni risveglio, ogni passeggiata. A pochi passi dall\u2019hotel iniziano sentieri che si snodano tra boschi [&hellip;]<\/p>\n","protected":false},"author":1,"featured_media":130,"parent":0,"menu_order":0,"comment_status":"closed","ping_status":"closed","template":"elementor_header_footer","meta":{"footnotes":""},"class_list":["post-281","page","type-page","status-publish","has-post-thumbnail","hentry"],"_links":{"self":[{"href":"https:\/\/mostesidolomitesspahotel.com\/en\/wp-json\/wp\/v2\/pages\/281","targetHints":{"allow":["GET"]}}],"collection":[{"href":"https:\/\/mostesidolomitesspahotel.com\/en\/wp-json\/wp\/v2\/pages"}],"about":[{"href":"https:\/\/mostesidolomitesspahotel.com\/en\/wp-json\/wp\/v2\/types\/page"}],"author":[{"embeddable":true,"href":"https:\/\/mostesidolomitesspahotel.com\/en\/wp-json\/wp\/v2\/users\/1"}],"replies":[{"embeddable":true,"href":"https:\/\/mostesidolomitesspahotel.com\/en\/wp-json\/wp\/v2\/comments?post=281"}],"version-history":[{"count":24,"href":"https:\/\/mostesidolomitesspahotel.com\/en\/wp-json\/wp\/v2\/pages\/281\/revisions"}],"predecessor-version":[{"id":458,"href":"https:\/\/mostesidolomitesspahotel.com\/en\/wp-json\/wp\/v2\/pages\/281\/revisions\/458"}],"wp:featuredmedia":[{"embeddable":true,"href":"https:\/\/mostesidolomitesspahotel.com\/en\/wp-json\/wp\/v2\/media\/130"}],"wp:attachment":[{"href":"https:\/\/mostesidolomitesspahotel.com\/en\/wp-json\/wp\/v2\/media?parent=281"}],"curies":[{"name":"wp","href":"https:\/\/api.w.org\/{rel}","templated":true}]}}