{"id":177,"date":"2025-05-28T11:08:59","date_gmt":"2025-05-28T11:08:59","guid":{"rendered":"https:\/\/mostesidolomitesspahotel.com\/?page_id=177"},"modified":"2025-07-28T14:25:05","modified_gmt":"2025-07-28T14:25:05","slug":"mostesi-dolomites-spa-hotel-auronzo-di-cadore","status":"publish","type":"page","link":"https:\/\/mostesidolomitesspahotel.com\/hu\/","title":{"rendered":"Mostesi Dolomites Spa Hotel - Auronzo di Cadore"},"content":{"rendered":"<div data-elementor-type=\"wp-post\" data-elementor-id=\"177\" class=\"elementor elementor-177\" data-elementor-post-type=\"page\">\n\t\t\t\t<div class=\"elementor-element elementor-element-adfe9a1 e-con-full e-flex e-con e-parent\" data-id=\"adfe9a1\" data-element_type=\"container\" data-e-type=\"container\" data-settings=\"{&quot;background_background&quot;:&quot;video&quot;,&quot;background_video_link&quot;:&quot;https:\\\/\\\/vimeo.com\\\/1105148106&quot;,&quot;background_video_end&quot;:63,&quot;background_play_on_mobile&quot;:&quot;yes&quot;}\">\n\t\t<div class=\"elementor-background-video-container\">\n\t\t\t\t\t\t\t<div class=\"elementor-background-video-embed\" role=\"presentation\"><\/div>\n\t\t\t\t\t\t<\/div>\t\t<div class=\"elementor-element elementor-element-6d54b26 elementor-widget elementor-widget-image\" data-id=\"6d54b26\" data-element_type=\"widget\" data-e-type=\"widget\" data-widget_type=\"image.default\">\n\t\t\t\t<div class=\"elementor-widget-container\">\n\t\t\t\t\t\t\t\t\t\t\t\t\t\t\t<img fetchpriority=\"high\" decoding=\"async\" width=\"800\" height=\"395\" src=\"https:\/\/mostesidolomitesspahotel.com\/wp-content\/uploads\/2025\/01\/MOstesi-Full-Logo-White-1024x505.png\" class=\"attachment-large size-large wp-image-28\" alt=\"\" srcset=\"https:\/\/mostesidolomitesspahotel.com\/wp-content\/uploads\/2025\/01\/MOstesi-Full-Logo-White-1024x505.png 1024w, https:\/\/mostesidolomitesspahotel.com\/wp-content\/uploads\/2025\/01\/MOstesi-Full-Logo-White-300x148.png 300w, https:\/\/mostesidolomitesspahotel.com\/wp-content\/uploads\/2025\/01\/MOstesi-Full-Logo-White-768x379.png 768w, https:\/\/mostesidolomitesspahotel.com\/wp-content\/uploads\/2025\/01\/MOstesi-Full-Logo-White-1536x758.png 1536w, https:\/\/mostesidolomitesspahotel.com\/wp-content\/uploads\/2025\/01\/MOstesi-Full-Logo-White-2048x1010.png 2048w\" sizes=\"(max-width: 800px) 100vw, 800px\" \/>\t\t\t\t\t\t\t\t\t\t\t\t\t\t\t<\/div>\n\t\t\t\t<\/div>\n\t\t\t\t<div class=\"elementor-element elementor-element-d3e5f8f elementor-widget__width-initial elementor-widget elementor-widget-text-editor\" data-id=\"d3e5f8f\" data-element_type=\"widget\" data-e-type=\"widget\" data-widget_type=\"text-editor.default\">\n\t\t\t\t<div class=\"elementor-widget-container\">\n\t\t\t\t\t\t\t\t\t<p><span style=\"font-weight: 400;\">Ahol a wellness tal\u00e1lkozik a hegyek ritmus\u00e1val.<\/span><\/p>\t\t\t\t\t\t\t\t<\/div>\n\t\t\t\t<\/div>\n\t\t\t\t<\/div>\n\t\t<div class=\"elementor-element elementor-element-b53f1bd e-con-full e-flex e-con e-parent\" data-id=\"b53f1bd\" data-element_type=\"container\" data-e-type=\"container\" data-settings=\"{&quot;background_background&quot;:&quot;classic&quot;}\">\n\t\t<div class=\"elementor-element elementor-element-6053352 e-con-full e-flex e-con e-child\" data-id=\"6053352\" data-element_type=\"container\" data-e-type=\"container\">\n\t\t\t\t<div class=\"elementor-element elementor-element-e8be3e9 elementor-widget__width-initial elementor-widget elementor-widget-heading\" data-id=\"e8be3e9\" data-element_type=\"widget\" data-e-type=\"widget\" data-widget_type=\"heading.default\">\n\t\t\t\t<div class=\"elementor-widget-container\">\n\t\t\t\t\t<h2 class=\"elementor-heading-title elementor-size-default\">Fedezze fel sz\u00e1llod\u00e1nkat<\/h2>\t\t\t\t<\/div>\n\t\t\t\t<\/div>\n\t\t\t\t<div class=\"elementor-element elementor-element-cfc9154 elementor-widget elementor-widget-text-editor\" data-id=\"cfc9154\" data-element_type=\"widget\" data-e-type=\"widget\" data-widget_type=\"text-editor.default\">\n\t\t\t\t<div class=\"elementor-widget-container\">\n\t\t\t\t\t\t\t\t\t<p><span style=\"font-weight: 400;\">Engedje, hogy a Mostesi Dolomites Spa Hotel, az Auronzo di Cadore-i mened\u00e9k\u00fcnk, ahol a Dolomitok term\u00e9szete minden l\u00e9legzetv\u00e9tel\u00e9be beleker\u00fclj\u00f6n, mag\u00e1val ragadja. Minden szoba \u00e9s lak\u00e1s - kort\u00e1rs vonalak, meleg anyagok, egyedi tervez\u00e9s\u0171 r\u00e9szletek - egy priv\u00e1t erk\u00e9lyre ny\u00edlik, amely fens\u00e9ges cs\u00facsokat \u00e9s tiszta eget keretez. Itt a k\u00e9nyelem nem csak k\u00e9nyelem: ez egy megh\u00edv\u00e1s arra, hogy lelass\u00edtsunk, hallgassuk az erd\u0151 csendj\u00e9t \u00e9s fedezz\u00fck fel \u00fajra a csod\u00e1lat \u00e9rz\u00e9s\u00e9t, amelyet gyerekk\u00e9nt a hegyek el\u0151tt \u00e9rezt\u00fcnk.<\/span><\/p>\t\t\t\t\t\t\t\t<\/div>\n\t\t\t\t<\/div>\n\t\t<div class=\"elementor-element elementor-element-66fe4d4 e-con-full e-flex e-con e-child\" data-id=\"66fe4d4\" data-element_type=\"container\" data-e-type=\"container\">\n\t\t\t\t<div class=\"elementor-element elementor-element-4bb8de5 elementor-align-left elementor-mobile-align-center elementor-widget__width-initial elementor-widget elementor-widget-button\" data-id=\"4bb8de5\" data-element_type=\"widget\" data-e-type=\"widget\" data-widget_type=\"button.default\">\n\t\t\t\t<div class=\"elementor-widget-container\">\n\t\t\t\t\t\t\t\t\t<div class=\"elementor-button-wrapper\">\n\t\t\t\t\t<a class=\"elementor-button elementor-button-link elementor-size-sm\" href=\"https:\/\/mostesidolomitesspahotel.com\/hu\/mostesi-dolomites-spa-hotel-camere\/\">\n\t\t\t\t\t\t<span class=\"elementor-button-content-wrapper\">\n\t\t\t\t\t\t\t\t\t<span class=\"elementor-button-text\">Szob\u00e1k<\/span>\n\t\t\t\t\t<\/span>\n\t\t\t\t\t<\/a>\n\t\t\t\t<\/div>\n\t\t\t\t\t\t\t\t<\/div>\n\t\t\t\t<\/div>\n\t\t\t\t<div class=\"elementor-element elementor-element-f42c070 elementor-align-left elementor-mobile-align-center elementor-widget__width-initial elementor-widget elementor-widget-button\" data-id=\"f42c070\" data-element_type=\"widget\" data-e-type=\"widget\" data-widget_type=\"button.default\">\n\t\t\t\t<div class=\"elementor-widget-container\">\n\t\t\t\t\t\t\t\t\t<div class=\"elementor-button-wrapper\">\n\t\t\t\t\t<a class=\"elementor-button elementor-button-link elementor-size-sm\" href=\"https:\/\/mostesidolomitesspahotel.com\/hu\/mostesi-dolomites-spa-hotel-camere\/\">\n\t\t\t\t\t\t<span class=\"elementor-button-content-wrapper\">\n\t\t\t\t\t\t\t\t\t<span class=\"elementor-button-text\">Lapos<\/span>\n\t\t\t\t\t<\/span>\n\t\t\t\t\t<\/a>\n\t\t\t\t<\/div>\n\t\t\t\t\t\t\t\t<\/div>\n\t\t\t\t<\/div>\n\t\t\t\t<\/div>\n\t\t\t\t<\/div>\n\t\t<div class=\"elementor-element elementor-element-d1bbd9a e-con-full e-flex e-con e-child\" data-id=\"d1bbd9a\" data-element_type=\"container\" data-e-type=\"container\">\n\t\t\t\t<div class=\"elementor-element elementor-element-f81eda4 elementor-widget elementor-widget-image-carousel\" data-id=\"f81eda4\" data-element_type=\"widget\" data-e-type=\"widget\" data-settings=\"{&quot;slides_to_show&quot;:&quot;3&quot;,&quot;navigation&quot;:&quot;none&quot;,&quot;image_spacing_custom&quot;:{&quot;unit&quot;:&quot;px&quot;,&quot;size&quot;:16,&quot;sizes&quot;:[]},&quot;autoplay&quot;:&quot;yes&quot;,&quot;pause_on_hover&quot;:&quot;yes&quot;,&quot;pause_on_interaction&quot;:&quot;yes&quot;,&quot;autoplay_speed&quot;:5000,&quot;infinite&quot;:&quot;yes&quot;,&quot;speed&quot;:500,&quot;image_spacing_custom_tablet&quot;:{&quot;unit&quot;:&quot;px&quot;,&quot;size&quot;:&quot;&quot;,&quot;sizes&quot;:[]},&quot;image_spacing_custom_mobile&quot;:{&quot;unit&quot;:&quot;px&quot;,&quot;size&quot;:&quot;&quot;,&quot;sizes&quot;:[]}}\" data-widget_type=\"image-carousel.default\">\n\t\t\t\t<div class=\"elementor-widget-container\">\n\t\t\t\t\t\t\t<div class=\"elementor-image-carousel-wrapper swiper\" role=\"region\" aria-roledescription=\"carousel\" aria-label=\"K\u00e9pkarusszel\" dir=\"ltr\">\n\t\t\t<div class=\"elementor-image-carousel swiper-wrapper\" aria-live=\"off\">\n\t\t\t\t\t\t\t\t<div class=\"swiper-slide\" role=\"group\" aria-roledescription=\"slide\" aria-label=\"1 of 4\"><figure class=\"swiper-slide-inner\"><img decoding=\"async\" class=\"swiper-slide-image\" src=\"https:\/\/mostesidolomitesspahotel.com\/wp-content\/uploads\/2025\/05\/Junior-Suite-26-105.jpg\" alt=\"Junior Suite - 26 - (105)\" \/><\/figure><\/div><div class=\"swiper-slide\" role=\"group\" aria-roledescription=\"slide\" aria-label=\"2 of 4\"><figure class=\"swiper-slide-inner\"><img decoding=\"async\" class=\"swiper-slide-image\" src=\"https:\/\/mostesidolomitesspahotel.com\/wp-content\/uploads\/2025\/05\/Superior-Tripla-19-207.jpg\" alt=\"Superior Tripla - 19 - (207)\" \/><\/figure><\/div><div class=\"swiper-slide\" role=\"group\" aria-roledescription=\"slide\" aria-label=\"3 a 4-b\u0151l\"><figure class=\"swiper-slide-inner\"><img decoding=\"async\" class=\"swiper-slide-image\" src=\"https:\/\/mostesidolomitesspahotel.com\/wp-content\/uploads\/2025\/05\/Deluxe-24-102-scaled.jpg\" alt=\"Deluxe - 24 - (102)\" \/><\/figure><\/div><div class=\"swiper-slide\" role=\"group\" aria-roledescription=\"slide\" aria-label=\"4 of 4\"><figure class=\"swiper-slide-inner\"><img decoding=\"async\" class=\"swiper-slide-image\" src=\"https:\/\/mostesidolomitesspahotel.com\/wp-content\/uploads\/2025\/05\/Junior-Suite-38-105.jpg\" alt=\"Junior Suite - 38 - (105)\" \/><\/figure><\/div>\t\t\t<\/div>\n\t\t\t\t\t\t\t\n\t\t\t\t\t\t\t\t\t<\/div>\n\t\t\t\t\t\t<\/div>\n\t\t\t\t<\/div>\n\t\t\t\t<\/div>\n\t\t\t\t<\/div>\n\t\t<div class=\"elementor-element elementor-element-80c7910 e-con-full e-flex e-con e-parent\" data-id=\"80c7910\" data-element_type=\"container\" data-e-type=\"container\" data-settings=\"{&quot;background_background&quot;:&quot;classic&quot;}\">\n\t\t<div class=\"elementor-element elementor-element-02669a2 e-con-full e-flex e-con e-child\" data-id=\"02669a2\" data-element_type=\"container\" data-e-type=\"container\">\n\t\t\t\t<div class=\"elementor-element elementor-element-bc49887 elementor-widget__width-initial elementor-widget elementor-widget-heading\" data-id=\"bc49887\" data-element_type=\"widget\" data-e-type=\"widget\" data-widget_type=\"heading.default\">\n\t\t\t\t<div class=\"elementor-widget-container\">\n\t\t\t\t\t<h2 class=\"elementor-heading-title elementor-size-default\">Wellness k\u00f6zpont<\/h2>\t\t\t\t<\/div>\n\t\t\t\t<\/div>\n\t\t\t\t<div class=\"elementor-element elementor-element-dfcb24c elementor-widget elementor-widget-text-editor\" data-id=\"dfcb24c\" data-element_type=\"widget\" data-e-type=\"widget\" data-widget_type=\"text-editor.default\">\n\t\t\t\t<div class=\"elementor-widget-container\">\n\t\t\t\t\t\t\t\t\t<p><span style=\"font-weight: 400;\">K\u00e9nyeztesse mag\u00e1t wellness r\u00e9szleg\u00fcnk lass\u00fa temp\u00f3j\u00e1ban: szauna, g\u0151zf\u00fcrd\u0151, \u00e9lm\u00e9nyzuhanyok \u00e9s relax\u00e1ci\u00f3s z\u00f3na. \u00c9s az utols\u00f3 csoda - a Dolomitokra n\u00e9z\u0151 szabadt\u00e9ri jacuzzi, ahol minden pillanat csendben elid\u0151zik.<\/span><\/p>\t\t\t\t\t\t\t\t<\/div>\n\t\t\t\t<\/div>\n\t\t<div class=\"elementor-element elementor-element-4a9b405 e-con-full e-flex e-con e-child\" data-id=\"4a9b405\" data-element_type=\"container\" data-e-type=\"container\">\n\t\t\t\t<div class=\"elementor-element elementor-element-b455f84 elementor-align-left elementor-mobile-align-center elementor-widget__width-initial elementor-widget elementor-widget-button\" data-id=\"b455f84\" data-element_type=\"widget\" data-e-type=\"widget\" data-widget_type=\"button.default\">\n\t\t\t\t<div class=\"elementor-widget-container\">\n\t\t\t\t\t\t\t\t\t<div class=\"elementor-button-wrapper\">\n\t\t\t\t\t<a class=\"elementor-button elementor-button-link elementor-size-sm\" href=\"https:\/\/mostesidolomitesspahotel.com\/hu\/mostesi-dolomites-spa-hotel-wellness-auronzo-di-cadore\/\">\n\t\t\t\t\t\t<span class=\"elementor-button-content-wrapper\">\n\t\t\t\t\t\t\t\t\t<span class=\"elementor-button-text\">Tudjon meg t\u00f6bbet<\/span>\n\t\t\t\t\t<\/span>\n\t\t\t\t\t<\/a>\n\t\t\t\t<\/div>\n\t\t\t\t\t\t\t\t<\/div>\n\t\t\t\t<\/div>\n\t\t\t\t<\/div>\n\t\t\t\t<\/div>\n\t\t<div class=\"elementor-element elementor-element-51cde78 e-con-full e-flex e-con e-child\" data-id=\"51cde78\" data-element_type=\"container\" data-e-type=\"container\" data-settings=\"{&quot;background_background&quot;:&quot;video&quot;,&quot;background_video_link&quot;:&quot;https:\\\/\\\/vimeo.com\\\/1105148145&quot;,&quot;background_play_on_mobile&quot;:&quot;yes&quot;}\">\n\t\t<div class=\"elementor-background-video-container\">\n\t\t\t\t\t\t\t<div class=\"elementor-background-video-embed\" role=\"presentation\"><\/div>\n\t\t\t\t\t\t<\/div>\t\t<\/div>\n\t\t\t\t<\/div>\n\t\t<div class=\"elementor-element elementor-element-0d2a529 e-con-full e-flex e-con e-parent\" data-id=\"0d2a529\" data-element_type=\"container\" data-e-type=\"container\" data-settings=\"{&quot;background_background&quot;:&quot;classic&quot;}\">\n\t\t<div class=\"elementor-element elementor-element-e434c00 e-con-full e-flex e-con e-child\" data-id=\"e434c00\" data-element_type=\"container\" data-e-type=\"container\">\n\t\t\t\t<div class=\"elementor-element elementor-element-f8d2222 elementor-widget__width-initial elementor-widget elementor-widget-heading\" data-id=\"f8d2222\" data-element_type=\"widget\" data-e-type=\"widget\" data-widget_type=\"heading.default\">\n\t\t\t\t<div class=\"elementor-widget-container\">\n\t\t\t\t\t<h2 class=\"elementor-heading-title elementor-size-default\">A k\u00e9zm\u0171ves reggeli<\/h2>\t\t\t\t<\/div>\n\t\t\t\t<\/div>\n\t\t\t\t<div class=\"elementor-element elementor-element-29f08e6 elementor-widget elementor-widget-text-editor\" data-id=\"29f08e6\" data-element_type=\"widget\" data-e-type=\"widget\" data-widget_type=\"text-editor.default\">\n\t\t\t\t<div class=\"elementor-widget-container\">\n\t\t\t\t\t\t\t\t\t<p class=\"p1\"><span style=\"font-weight: 400;\">Minden reggel autentikus illatok \u00e9s \u00edzek \u00e9bred\u00e9se fogadja \u00d6nt: h\u00e1zi s\u00fctem\u00e9nyek, meleg keny\u00e9r, alpesi sajtok, friss toj\u00e1s \u00e9s gondosan v\u00e1logatott helyi specialit\u00e1sok. Egy b\u0151s\u00e9ges reggeli, amely a hegyekr\u0151l mes\u00e9l, m\u00e9g miel\u0151tt elindulna.<\/span><\/p>\t\t\t\t\t\t\t\t<\/div>\n\t\t\t\t<\/div>\n\t\t<div class=\"elementor-element elementor-element-f35cdfb e-con-full e-flex e-con e-child\" data-id=\"f35cdfb\" data-element_type=\"container\" data-e-type=\"container\">\n\t\t\t\t<div class=\"elementor-element elementor-element-4745276 elementor-align-left elementor-mobile-align-center elementor-widget__width-initial elementor-widget elementor-widget-button\" data-id=\"4745276\" data-element_type=\"widget\" data-e-type=\"widget\" data-widget_type=\"button.default\">\n\t\t\t\t<div class=\"elementor-widget-container\">\n\t\t\t\t\t\t\t\t\t<div class=\"elementor-button-wrapper\">\n\t\t\t\t\t<a class=\"elementor-button elementor-button-link elementor-size-sm\" href=\"https:\/\/mostesidolomitesspahotel.com\/hu\/mostesi-dolomites-spa-hotel-gusto\/\">\n\t\t\t\t\t\t<span class=\"elementor-button-content-wrapper\">\n\t\t\t\t\t\t\t\t\t<span class=\"elementor-button-text\">Reggeli<\/span>\n\t\t\t\t\t<\/span>\n\t\t\t\t\t<\/a>\n\t\t\t\t<\/div>\n\t\t\t\t\t\t\t\t<\/div>\n\t\t\t\t<\/div>\n\t\t\t\t<\/div>\n\t\t\t\t<\/div>\n\t\t<div class=\"elementor-element elementor-element-65144f6 e-con-full e-flex e-con e-child\" data-id=\"65144f6\" data-element_type=\"container\" data-e-type=\"container\">\n\t\t\t\t<div class=\"elementor-element elementor-element-60352c6 elementor-widget elementor-widget-image-carousel\" data-id=\"60352c6\" data-element_type=\"widget\" data-e-type=\"widget\" data-settings=\"{&quot;slides_to_show&quot;:&quot;3&quot;,&quot;navigation&quot;:&quot;none&quot;,&quot;image_spacing_custom&quot;:{&quot;unit&quot;:&quot;px&quot;,&quot;size&quot;:16,&quot;sizes&quot;:[]},&quot;autoplay&quot;:&quot;yes&quot;,&quot;pause_on_hover&quot;:&quot;yes&quot;,&quot;pause_on_interaction&quot;:&quot;yes&quot;,&quot;autoplay_speed&quot;:5000,&quot;infinite&quot;:&quot;yes&quot;,&quot;speed&quot;:500,&quot;image_spacing_custom_tablet&quot;:{&quot;unit&quot;:&quot;px&quot;,&quot;size&quot;:&quot;&quot;,&quot;sizes&quot;:[]},&quot;image_spacing_custom_mobile&quot;:{&quot;unit&quot;:&quot;px&quot;,&quot;size&quot;:&quot;&quot;,&quot;sizes&quot;:[]}}\" data-widget_type=\"image-carousel.default\">\n\t\t\t\t<div class=\"elementor-widget-container\">\n\t\t\t\t\t\t\t<div class=\"elementor-image-carousel-wrapper swiper\" role=\"region\" aria-roledescription=\"carousel\" aria-label=\"K\u00e9pkarusszel\" dir=\"ltr\">\n\t\t\t<div class=\"elementor-image-carousel swiper-wrapper\" aria-live=\"off\">\n\t\t\t\t\t\t\t\t<div class=\"swiper-slide\" role=\"group\" aria-roledescription=\"slide\" aria-label=\"1 of 4\"><figure class=\"swiper-slide-inner\"><img decoding=\"async\" class=\"swiper-slide-image\" src=\"https:\/\/mostesidolomitesspahotel.com\/wp-content\/uploads\/2025\/05\/mostesi_colazione_web-19.jpg\" alt=\"mostesi_colazione_web-19\" \/><\/figure><\/div><div class=\"swiper-slide\" role=\"group\" aria-roledescription=\"slide\" aria-label=\"2 of 4\"><figure class=\"swiper-slide-inner\"><img decoding=\"async\" class=\"swiper-slide-image\" src=\"https:\/\/mostesidolomitesspahotel.com\/wp-content\/uploads\/2025\/05\/mostesi_colazione_web-13.jpg\" alt=\"mostesi_colazione_web-13\" \/><\/figure><\/div><div class=\"swiper-slide\" role=\"group\" aria-roledescription=\"slide\" aria-label=\"3 a 4-b\u0151l\"><figure class=\"swiper-slide-inner\"><img decoding=\"async\" class=\"swiper-slide-image\" src=\"https:\/\/mostesidolomitesspahotel.com\/wp-content\/uploads\/2025\/05\/mostesi_colazione_web-17.jpg\" alt=\"mostesi_colazione_web-17\" \/><\/figure><\/div><div class=\"swiper-slide\" role=\"group\" aria-roledescription=\"slide\" aria-label=\"4 of 4\"><figure class=\"swiper-slide-inner\"><img decoding=\"async\" class=\"swiper-slide-image\" src=\"https:\/\/mostesidolomitesspahotel.com\/wp-content\/uploads\/2025\/05\/mostesi_colazione_web-20.jpg\" alt=\"mostesi_colazione_web-20\" \/><\/figure><\/div>\t\t\t<\/div>\n\t\t\t\t\t\t\t\n\t\t\t\t\t\t\t\t\t<\/div>\n\t\t\t\t\t\t<\/div>\n\t\t\t\t<\/div>\n\t\t\t\t<\/div>\n\t\t\t\t<\/div>\n\t\t<div class=\"elementor-element elementor-element-538b012 e-con-full e-flex e-con e-parent\" data-id=\"538b012\" data-element_type=\"container\" data-e-type=\"container\" data-settings=\"{&quot;background_background&quot;:&quot;classic&quot;}\">\n\t\t<div class=\"elementor-element elementor-element-e2ae86b e-flex e-con-boxed e-con e-child\" data-id=\"e2ae86b\" data-element_type=\"container\" data-e-type=\"container\">\n\t\t\t\t\t<div class=\"e-con-inner\">\n\t\t\t\t<div class=\"elementor-element elementor-element-92e4fa4 elementor-widget elementor-widget-heading\" data-id=\"92e4fa4\" data-element_type=\"widget\" data-e-type=\"widget\" data-widget_type=\"heading.default\">\n\t\t\t\t<div class=\"elementor-widget-container\">\n\t\t\t\t\t<h2 class=\"elementor-heading-title elementor-size-default\">Ped\u00e1l Horizontok<\/h2>\t\t\t\t<\/div>\n\t\t\t\t<\/div>\n\t\t\t\t<div class=\"elementor-element elementor-element-7dfae1d elementor-hidden-mobile elementor-widget elementor-widget-text-editor\" data-id=\"7dfae1d\" data-element_type=\"widget\" data-e-type=\"widget\" data-widget_type=\"text-editor.default\">\n\t\t\t\t<div class=\"elementor-widget-container\">\n\t\t\t\t\t\t\t\t\t<p class=\"p1\"><span style=\"font-weight: 400;\">Fedezze fel a k\u00f6rny\u00e9ket a saj\u00e1t temp\u00f3j\u00e1ban: b\u00e9relt ker\u00e9kp\u00e1rokat biztos\u00edtunk az \u00f6sv\u00e9nyek, erd\u0151k \u00e9s rejtett l\u00e1tnival\u00f3k felfedez\u00e9s\u00e9hez, \u00e9s hagyja, hogy csak a sz\u00e9ps\u00e9g ir\u00e1nti v\u00e1gya vezesse.<\/span><\/p>\t\t\t\t\t\t\t\t<\/div>\n\t\t\t\t<\/div>\n\t\t\t\t<div class=\"elementor-element elementor-element-588d533 elementor-align-center elementor-mobile-align-center elementor-widget__width-initial elementor-widget elementor-widget-button\" data-id=\"588d533\" data-element_type=\"widget\" data-e-type=\"widget\" data-widget_type=\"button.default\">\n\t\t\t\t<div class=\"elementor-widget-container\">\n\t\t\t\t\t\t\t\t\t<div class=\"elementor-button-wrapper\">\n\t\t\t\t\t<a class=\"elementor-button elementor-button-link elementor-size-sm\" href=\"https:\/\/mostesidolomitesspahotel.com\/hu\/mostesi-dolomites-spa-hotel-experience\/\">\n\t\t\t\t\t\t<span class=\"elementor-button-content-wrapper\">\n\t\t\t\t\t\t\t\t\t<span class=\"elementor-button-text\">Tudjon meg t\u00f6bbet<\/span>\n\t\t\t\t\t<\/span>\n\t\t\t\t\t<\/a>\n\t\t\t\t<\/div>\n\t\t\t\t\t\t\t\t<\/div>\n\t\t\t\t<\/div>\n\t\t\t\t\t<\/div>\n\t\t\t\t<\/div>\n\t\t\t\t<\/div>\n\t\t\t\t<\/div>","protected":false},"excerpt":{"rendered":"<p>Dove il benessere incontra il battito delle montagne. Scopri il nostro hotel Lasciati avvolgere dal Mostesi Dolomites Spa Hotel, il nostro rifugio ad Auronzo di Cadore dove la natura delle Dolomiti entra in ogni respiro. Ogni camera e appartamento \u2013 linee contemporanee, materiali caldi, dettagli su misura \u2013 si apre su un balcone privato che [&hellip;]<\/p>\n","protected":false},"author":1,"featured_media":130,"parent":0,"menu_order":0,"comment_status":"closed","ping_status":"closed","template":"elementor_header_footer","meta":{"footnotes":""},"class_list":["post-177","page","type-page","status-publish","has-post-thumbnail","hentry"],"_links":{"self":[{"href":"https:\/\/mostesidolomitesspahotel.com\/hu\/wp-json\/wp\/v2\/pages\/177","targetHints":{"allow":["GET"]}}],"collection":[{"href":"https:\/\/mostesidolomitesspahotel.com\/hu\/wp-json\/wp\/v2\/pages"}],"about":[{"href":"https:\/\/mostesidolomitesspahotel.com\/hu\/wp-json\/wp\/v2\/types\/page"}],"author":[{"embeddable":true,"href":"https:\/\/mostesidolomitesspahotel.com\/hu\/wp-json\/wp\/v2\/users\/1"}],"replies":[{"embeddable":true,"href":"https:\/\/mostesidolomitesspahotel.com\/hu\/wp-json\/wp\/v2\/comments?post=177"}],"version-history":[{"count":37,"href":"https:\/\/mostesidolomitesspahotel.com\/hu\/wp-json\/wp\/v2\/pages\/177\/revisions"}],"predecessor-version":[{"id":449,"href":"https:\/\/mostesidolomitesspahotel.com\/hu\/wp-json\/wp\/v2\/pages\/177\/revisions\/449"}],"wp:featuredmedia":[{"embeddable":true,"href":"https:\/\/mostesidolomitesspahotel.com\/hu\/wp-json\/wp\/v2\/media\/130"}],"wp:attachment":[{"href":"https:\/\/mostesidolomitesspahotel.com\/hu\/wp-json\/wp\/v2\/media?parent=177"}],"curies":[{"name":"wp","href":"https:\/\/api.w.org\/{rel}","templated":true}]}}