{"id":321,"date":"2025-06-05T14:16:20","date_gmt":"2025-06-05T14:16:20","guid":{"rendered":"https:\/\/mostesidolomitesspahotel.com\/?page_id=321"},"modified":"2025-06-05T14:49:27","modified_gmt":"2025-06-05T14:49:27","slug":"mostesi-dolomites-spa-hotel-richiesta","status":"publish","type":"page","link":"https:\/\/mostesidolomitesspahotel.com\/hu\/mostesi-dolomites-spa-hotel-richiesta\/","title":{"rendered":"Mostesi Dolomites Spa Hotel - Aj\u00e1nlatk\u00e9r\u00e9s"},"content":{"rendered":"<div data-elementor-type=\"wp-post\" data-elementor-id=\"321\" class=\"elementor elementor-321\" data-elementor-post-type=\"page\">\n\t\t\t\t<div class=\"elementor-element elementor-element-b53f1bd e-con-full e-flex e-con e-parent\" data-id=\"b53f1bd\" data-element_type=\"container\" data-e-type=\"container\" data-settings=\"{&quot;background_background&quot;:&quot;classic&quot;}\">\n\t\t<div class=\"elementor-element elementor-element-6053352 e-con-full e-flex e-con e-child\" data-id=\"6053352\" data-element_type=\"container\" data-e-type=\"container\">\n\t\t\t\t<div class=\"elementor-element elementor-element-e8be3e9 elementor-widget__width-initial elementor-widget elementor-widget-heading\" data-id=\"e8be3e9\" data-element_type=\"widget\" data-e-type=\"widget\" data-widget_type=\"heading.default\">\n\t\t\t\t<div class=\"elementor-widget-container\">\n\t\t\t\t\t<h2 class=\"elementor-heading-title elementor-size-default\">Ingyenes k\u00e9r\u00e9s k\u00fcld\u00e9se<\/h2>\t\t\t\t<\/div>\n\t\t\t\t<\/div>\n\t\t\t\t<\/div>\n\t\t<div class=\"elementor-element elementor-element-d1bbd9a e-con-full e-flex e-con e-child\" data-id=\"d1bbd9a\" data-element_type=\"container\" data-e-type=\"container\">\n\t\t\t\t<div class=\"elementor-element elementor-element-5d8da1d elementor-widget elementor-widget-html\" data-id=\"5d8da1d\" data-element_type=\"widget\" data-e-type=\"widget\" data-widget_type=\"html.default\">\n\t\t\t\t<div class=\"elementor-widget-container\">\n\t\t\t\t\t<div id=\"sb-converto-container\"><iframe style=\"display: block; height: 715px;\" width=\"100%\" height=\"0\" scrolling=\"no\" src=\"https:\/\/converto.simplebooking.it\/customerrequest?hid=10279&amp;lang=IT&amp;showLoadingAfterSave=false&amp;manualLoading=true\" sandbox=\"allow-scripts allow-forms allow-same-origin allow-modals allow-popups\" frameborder=\"0\"><\/iframe><\/div>\t\t\t\t<\/div>\n\t\t\t\t<\/div>\n\t\t\t\t<\/div>\n\t\t\t\t<\/div>\n\t\t\t\t<\/div>","protected":false},"excerpt":{"rendered":"<p>Ingyenes k\u00e9r\u00e9s k\u00fcld\u00e9se<\/p>","protected":false},"author":1,"featured_media":130,"parent":0,"menu_order":0,"comment_status":"closed","ping_status":"closed","template":"elementor_header_footer","meta":{"footnotes":""},"class_list":["post-321","page","type-page","status-publish","has-post-thumbnail","hentry"],"_links":{"self":[{"href":"https:\/\/mostesidolomitesspahotel.com\/hu\/wp-json\/wp\/v2\/pages\/321","targetHints":{"allow":["GET"]}}],"collection":[{"href":"https:\/\/mostesidolomitesspahotel.com\/hu\/wp-json\/wp\/v2\/pages"}],"about":[{"href":"https:\/\/mostesidolomitesspahotel.com\/hu\/wp-json\/wp\/v2\/types\/page"}],"author":[{"embeddable":true,"href":"https:\/\/mostesidolomitesspahotel.com\/hu\/wp-json\/wp\/v2\/users\/1"}],"replies":[{"embeddable":true,"href":"https:\/\/mostesidolomitesspahotel.com\/hu\/wp-json\/wp\/v2\/comments?post=321"}],"version-history":[{"count":13,"href":"https:\/\/mostesidolomitesspahotel.com\/hu\/wp-json\/wp\/v2\/pages\/321\/revisions"}],"predecessor-version":[{"id":338,"href":"https:\/\/mostesidolomitesspahotel.com\/hu\/wp-json\/wp\/v2\/pages\/321\/revisions\/338"}],"wp:featuredmedia":[{"embeddable":true,"href":"https:\/\/mostesidolomitesspahotel.com\/hu\/wp-json\/wp\/v2\/media\/130"}],"wp:attachment":[{"href":"https:\/\/mostesidolomitesspahotel.com\/hu\/wp-json\/wp\/v2\/media?parent=321"}],"curies":[{"name":"wp","href":"https:\/\/api.w.org\/{rel}","templated":true}]}}